{"id":157,"date":"2021-07-09T21:27:53","date_gmt":"2021-07-09T21:27:53","guid":{"rendered":"https:\/\/aptefitness.com\/?page_id=157"},"modified":"2026-03-06T12:59:54","modified_gmt":"2026-03-06T12:59:54","slug":"contact","status":"publish","type":"page","link":"https:\/\/aptefitness.com\/en\/contact\/","title":{"rendered":"contact"},"content":{"rendered":"<p>[et_pb_section fb_built=\u00a0\u00bb1&Prime; _builder_version=\u00a0\u00bb4.16&Prime; _module_preset=\u00a0\u00bbdefault\u00a0\u00bb background_color=\u00a0\u00bb#f2f2f2&Prime; background_image=\u00a0\u00bbhttps:\/\/aptefitness.com\/wp-content\/uploads\/2021\/07\/APTE_CONTACT-scaled.jpg\u00a0\u00bb background_position=\u00a0\u00bbtop_right\u00a0\u00bb width=\u00a0\u00bb90%\u00a0\u00bb module_alignment=\u00a0\u00bbcenter\u00a0\u00bb background_last_edited=\u00a0\u00bbon|phone\u00a0\u00bb background_image_phone=\u00a0\u00bbhttps:\/\/aptefitness.com\/wp-content\/uploads\/2022\/02\/contact-bg-sm.jpg\u00a0\u00bb background_enable_image_phone=\u00a0\u00bbon\u00a0\u00bb custom_css_main_element=\u00a0\u00bbheight:90vh\u00a0\u00bb global_colors_info=\u00a0\u00bb{}\u00a0\u00bb][et_pb_row column_structure=\u00a0\u00bb1_2,1_2&Prime; disabled_on=\u00a0\u00bboff|off|off\u00a0\u00bb _builder_version=\u00a0\u00bb4.16&Prime; _module_preset=\u00a0\u00bbdefault\u00a0\u00bb custom_padding=\u00a0\u00bb||0px||false|false\u00a0\u00bb global_colors_info=\u00a0\u00bb{}\u00a0\u00bb][et_pb_column type=\u00a0\u00bb1_2&Prime; _builder_version=\u00a0\u00bb4.16&Prime; _module_preset=\u00a0\u00bbdefault\u00a0\u00bb global_colors_info=\u00a0\u00bb{}\u00a0\u00bb][et_pb_text _builder_version=\u00a0\u00bb4.16&Prime; _module_preset=\u00a0\u00bbdefault\u00a0\u00bb header_letter_spacing=\u00a0\u00bb1px\u00a0\u00bb header_line_height=\u00a0\u00bb1.1em\u00a0\u00bb custom_margin=\u00a0\u00bb||1px||false|false\u00a0\u00bb animation_direction=\u00a0\u00bbbottom\u00a0\u00bb global_colors_info=\u00a0\u00bb{}\u00a0\u00bb]<\/p>\n<h1>CONTACTE UN<br \/>EXPERT APTE<\/h1>\n<p>[\/et_pb_text][et_pb_text _builder_version=\u00a0\u00bb4.23.1&Prime; _module_preset=\u00a0\u00bbdefault\u00a0\u00bb text_font=\u00a0\u00bbTT &#8211; Regular|||on|||||\u00a0\u00bb text_text_color=\u00a0\u00bb#000000&Prime; text_font_size=\u00a0\u00bb11px\u00a0\u00bb text_letter_spacing=\u00a0\u00bb1.5px\u00a0\u00bb text_line_height=\u00a0\u00bb1.4em\u00a0\u00bb hover_enabled=\u00a0\u00bb0&Prime; global_colors_info=\u00a0\u00bb{}\u00a0\u00bb sticky_enabled=\u00a0\u00bb0&Prime;]<\/p>\n<p>Entre tes informations ci-dessous et un membre de notre \u00e9quipe se fera un plaisir de te contacter pour bien cibler tes besoins et tes objectifs, r\u00e9pondre \u00e0 tes questions, t&rsquo;expliquer le fonctionnement ainsi que les tarifs selon tes besoins.<\/p>\n<p>Tu peux \u00e9galement nous joindre au <a href=\"tel:5147032783\">514-703-2783<\/a><\/p>\n<p>D\u00e9l\u00e9gu\u00e9 responsable \u00e0 la vie priv\u00e9e: Simon Ducharme, <span>simon@aptefitness.com<\/span>.<\/p>\n<p>[\/et_pb_text][\/et_pb_column][et_pb_column type=\u00a0\u00bb1_2&Prime; _builder_version=\u00a0\u00bb4.16&Prime; _module_preset=\u00a0\u00bbdefault\u00a0\u00bb global_colors_info=\u00a0\u00bb{}\u00a0\u00bb][\/et_pb_column][\/et_pb_row][et_pb_row column_structure=\u00a0\u00bb1_2,1_2&Prime; _builder_version=\u00a0\u00bb4.16&Prime; _module_preset=\u00a0\u00bbdefault\u00a0\u00bb custom_padding=\u00a0\u00bb0px||||false|false\u00a0\u00bb global_colors_info=\u00a0\u00bb{}\u00a0\u00bb][et_pb_column type=\u00a0\u00bb1_2&Prime; _builder_version=\u00a0\u00bb4.16&Prime; _module_preset=\u00a0\u00bbdefault\u00a0\u00bb global_colors_info=\u00a0\u00bb{}\u00a0\u00bb][et_pb_code _builder_version=\u00a0\u00bb4.16&Prime; _module_preset=\u00a0\u00bbdefault\u00a0\u00bb global_colors_info=\u00a0\u00bb{}\u00a0\u00bb][contact-form-7 id=\u00a0\u00bb672&Prime; title=\u00a0\u00bbContact form 1&Prime;][\/et_pb_code][\/et_pb_column][et_pb_column type=\u00a0\u00bb1_2&Prime; _builder_version=\u00a0\u00bb4.16&Prime; _module_preset=\u00a0\u00bbdefault\u00a0\u00bb global_colors_info=\u00a0\u00bb{}\u00a0\u00bb][\/et_pb_column][\/et_pb_row][\/et_pb_section][et_pb_section fb_built=\u00a0\u00bb1&Prime; custom_padding_last_edited=\u00a0\u00bbon|phone\u00a0\u00bb _builder_version=\u00a0\u00bb4.20.2&Prime; _module_preset=\u00a0\u00bbdefault\u00a0\u00bb background_color=\u00a0\u00bb#1A1A1A\u00a0\u00bb custom_padding_tablet=\u00a0\u00bb\u00a0\u00bb custom_padding_phone=\u00a0\u00bb0px||0px||false|false\u00a0\u00bb global_module=\u00a0\u00bb137&Prime; global_colors_info=\u00a0\u00bb{}\u00a0\u00bb][et_pb_row column_structure=\u00a0\u00bb1_4,1_4,1_4,1_4&Prime; custom_padding_last_edited=\u00a0\u00bbon|phone\u00a0\u00bb _builder_version=\u00a0\u00bb4.16&Prime; _module_preset=\u00a0\u00bbdefault\u00a0\u00bb background_image=\u00a0\u00bbhttps:\/\/aptefitness.com\/wp-content\/uploads\/2021\/06\/APTE_VALEURS_BG-1.png\u00a0\u00bb background_size=\u00a0\u00bbcontain\u00a0\u00bb background_position=\u00a0\u00bbcenter_left\u00a0\u00bb background_blend=\u00a0\u00bbluminosity\u00a0\u00bb width=\u00a0\u00bb90%\u00a0\u00bb max_width=\u00a0\u00bb100%\u00a0\u00bb custom_margin_tablet=\u00a0\u00bb\u00a0\u00bb custom_margin_phone=\u00a0\u00bb\u00a0\u00bb custom_margin_last_edited=\u00a0\u00bbon|phone\u00a0\u00bb custom_padding_tablet=\u00a0\u00bb\u00a0\u00bb custom_padding_phone=\u00a0\u00bb50px||0px|30px|false|false\u00a0\u00bb global_colors_info=\u00a0\u00bb{}\u00a0\u00bb][et_pb_column type=\u00a0\u00bb1_4&Prime; _builder_version=\u00a0\u00bb4.16&Prime; _module_preset=\u00a0\u00bbdefault\u00a0\u00bb global_colors_info=\u00a0\u00bb{}\u00a0\u00bb][\/et_pb_column][et_pb_column type=\u00a0\u00bb1_4&Prime; _builder_version=\u00a0\u00bb4.16&Prime; _module_preset=\u00a0\u00bbdefault\u00a0\u00bb global_colors_info=\u00a0\u00bb{}\u00a0\u00bb][et_pb_divider color=\u00a0\u00bb#DB3C0B\u00a0\u00bb divider_weight=\u00a0\u00bb1px\u00a0\u00bb _builder_version=\u00a0\u00bb4.16&Prime; _module_preset=\u00a0\u00bbdefault\u00a0\u00bb width=\u00a0\u00bb50px\u00a0\u00bb height=\u00a0\u00bb18px\u00a0\u00bb custom_margin=\u00a0\u00bb||0px||false|false\u00a0\u00bb custom_padding=\u00a0\u00bb||0px||false|false\u00a0\u00bb global_colors_info=\u00a0\u00bb{}\u00a0\u00bb][\/et_pb_divider][et_pb_text _builder_version=\u00a0\u00bb4.16&Prime; _module_preset=\u00a0\u00bbdefault\u00a0\u00bb link_font=\u00a0\u00bbApte &#8211; Bold|||on|||||\u00a0\u00bb link_text_color=\u00a0\u00bb#E6E6E6&Prime; link_font_size=\u00a0\u00bb10px\u00a0\u00bb link_letter_spacing=\u00a0\u00bb2px\u00a0\u00bb link_line_height=\u00a0\u00bb1.4em\u00a0\u00bb header_4_text_color=\u00a0\u00bb#FFFFFF\u00a0\u00bb header_4_font_size=\u00a0\u00bb16px\u00a0\u00bb header_4_letter_spacing=\u00a0\u00bb2px\u00a0\u00bb custom_margin=\u00a0\u00bb0px||||false|false\u00a0\u00bb custom_padding=\u00a0\u00bb0px||||false|false\u00a0\u00bb global_colors_info=\u00a0\u00bb{}\u00a0\u00bb]<\/p>\n<p><a href=\"\/boutique\">Boutique<\/a><br \/><a href=\"\/equipe\">\u00c9QUIPE<\/a><br \/><a href=\"\/services\">SERVICES<\/a><br \/><a href=\"\/transformations\">TRANSFORMATIONS<\/a><br \/><a href=\"\/contact\">nous joindre<\/a><\/p>\n<p>[\/et_pb_text][\/et_pb_column][et_pb_column type=\u00a0\u00bb1_4&Prime; _builder_version=\u00a0\u00bb4.16&Prime; _module_preset=\u00a0\u00bbdefault\u00a0\u00bb global_colors_info=\u00a0\u00bb{}\u00a0\u00bb][et_pb_divider color=\u00a0\u00bb#DB3C0B\u00a0\u00bb divider_weight=\u00a0\u00bb1px\u00a0\u00bb _builder_version=\u00a0\u00bb4.16&Prime; _module_preset=\u00a0\u00bbdefault\u00a0\u00bb width=\u00a0\u00bb50px\u00a0\u00bb height=\u00a0\u00bb18px\u00a0\u00bb custom_margin=\u00a0\u00bb||0px||false|false\u00a0\u00bb custom_padding=\u00a0\u00bb||0px||false|false\u00a0\u00bb global_colors_info=\u00a0\u00bb{}\u00a0\u00bb][\/et_pb_divider][et_pb_social_media_follow _builder_version=\u00a0\u00bb4.16&Prime; _module_preset=\u00a0\u00bbdefault\u00a0\u00bb global_colors_info=\u00a0\u00bb{}\u00a0\u00bb][et_pb_social_media_follow_network social_network=\u00a0\u00bbfacebook\u00a0\u00bb icon_color=\u00a0\u00bb#FFFFFF\u00a0\u00bb _builder_version=\u00a0\u00bb4.16&Prime; _module_preset=\u00a0\u00bbdefault\u00a0\u00bb background_color=\u00a0\u00bb#000000&Prime; background_enable_color=\u00a0\u00bbon\u00a0\u00bb global_colors_info=\u00a0\u00bb{}\u00a0\u00bb follow_button=\u00a0\u00bboff\u00a0\u00bb url_new_window=\u00a0\u00bbon\u00a0\u00bb]facebook[\/et_pb_social_media_follow_network][et_pb_social_media_follow_network social_network=\u00a0\u00bbinstagram\u00a0\u00bb icon_color=\u00a0\u00bb#FFFFFF\u00a0\u00bb _builder_version=\u00a0\u00bb4.16&Prime; _module_preset=\u00a0\u00bbdefault\u00a0\u00bb background_color=\u00a0\u00bb#000000&Prime; background_enable_color=\u00a0\u00bbon\u00a0\u00bb global_colors_info=\u00a0\u00bb{}\u00a0\u00bb follow_button=\u00a0\u00bboff\u00a0\u00bb url_new_window=\u00a0\u00bbon\u00a0\u00bb]instagram[\/et_pb_social_media_follow_network][et_pb_social_media_follow_network social_network=\u00a0\u00bbyoutube\u00a0\u00bb _builder_version=\u00a0\u00bb4.16&Prime; _module_preset=\u00a0\u00bbdefault\u00a0\u00bb background_color=\u00a0\u00bb#000000&Prime; background_enable_color=\u00a0\u00bbon\u00a0\u00bb global_colors_info=\u00a0\u00bb{}\u00a0\u00bb follow_button=\u00a0\u00bboff\u00a0\u00bb url_new_window=\u00a0\u00bbon\u00a0\u00bb]youtube[\/et_pb_social_media_follow_network][\/et_pb_social_media_follow][et_pb_icon font_icon=\u00a0\u00bb&#xe00b;||divi||400&Prime; icon_color=\u00a0\u00bb#FFFFFF\u00a0\u00bb icon_width=\u00a0\u00bb22px\u00a0\u00bb url=\u00a0\u00bbtel:5147032783&Prime; align=\u00a0\u00bbleft\u00a0\u00bb module_id=\u00a0\u00bbfooter-cell\u00a0\u00bb _builder_version=\u00a0\u00bb4.16&Prime; _module_preset=\u00a0\u00bbdefault\u00a0\u00bb custom_margin=\u00a0\u00bb|-6px||||\u00a0\u00bb custom_padding=\u00a0\u00bb|15px||||\u00a0\u00bb custom_css_main_element=\u00a0\u00bbpadding-right:3rem;\u00a0\u00bb custom_css_after=\u00a0\u00bbcontent:%22514-703-2783%22;||color:white;||font-size:1.1rem;||margin-left:-0.5rem;||font-weight:bold;\u00a0\u00bb border_radii_tablet=\u00a0\u00bb\u00a0\u00bb border_radii_phone=\u00a0\u00bb\u00a0\u00bb border_radii_last_edited=\u00a0\u00bbon|desktop\u00a0\u00bb global_colors_info=\u00a0\u00bb{}\u00a0\u00bb][\/et_pb_icon][\/et_pb_column][et_pb_column type=\u00a0\u00bb1_4&Prime; _builder_version=\u00a0\u00bb4.16&Prime; _module_preset=\u00a0\u00bbdefault\u00a0\u00bb global_colors_info=\u00a0\u00bb{}\u00a0\u00bb][et_pb_image src=\u00a0\u00bbhttps:\/\/aptefitness.com\/wp-content\/uploads\/2021\/07\/APTE_effetapte.png\u00a0\u00bb title_text=\u00a0\u00bbAPTE_effetapte\u00a0\u00bb _builder_version=\u00a0\u00bb4.16&Prime; _module_preset=\u00a0\u00bbdefault\u00a0\u00bb global_colors_info=\u00a0\u00bb{}\u00a0\u00bb][\/et_pb_image][\/et_pb_column][\/et_pb_row][\/et_pb_section]<\/p>\n","protected":false},"excerpt":{"rendered":"<p>[et_pb_section fb_built=\u00a0\u00bb1&Prime; _builder_version=\u00a0\u00bb4.16&Prime; _module_preset=\u00a0\u00bbdefault\u00a0\u00bb background_color=\u00a0\u00bb#f2f2f2&Prime; background_image=\u00a0\u00bbhttps:\/\/aptefitness.com\/wp-content\/uploads\/2021\/07\/APTE_CONTACT-scaled.jpg\u00a0\u00bb background_position=\u00a0\u00bbtop_right\u00a0\u00bb width=\u00a0\u00bb90%\u00a0\u00bb module_alignment=\u00a0\u00bbcenter\u00a0\u00bb background_last_edited=\u00a0\u00bbon|phone\u00a0\u00bb background_image_phone=\u00a0\u00bbhttps:\/\/aptefitness.com\/wp-content\/uploads\/2022\/02\/contact-bg-sm.jpg\u00a0\u00bb background_enable_image_phone=\u00a0\u00bbon\u00a0\u00bb custom_css_main_element=\u00a0\u00bbheight:90vh\u00a0\u00bb global_colors_info=\u00a0\u00bb{}\u00a0\u00bb][et_pb_row column_structure=\u00a0\u00bb1_2,1_2&Prime; disabled_on=\u00a0\u00bboff|off|off\u00a0\u00bb _builder_version=\u00a0\u00bb4.16&Prime; _module_preset=\u00a0\u00bbdefault\u00a0\u00bb custom_padding=\u00a0\u00bb||0px||false|false\u00a0\u00bb global_colors_info=\u00a0\u00bb{}\u00a0\u00bb][et_pb_column type=\u00a0\u00bb1_2&Prime; _builder_version=\u00a0\u00bb4.16&Prime; _module_preset=\u00a0\u00bbdefault\u00a0\u00bb global_colors_info=\u00a0\u00bb{}\u00a0\u00bb][et_pb_text _builder_version=\u00a0\u00bb4.16&Prime;&#8230;<\/p>\n","protected":false},"author":1,"featured_media":0,"parent":0,"menu_order":0,"comment_status":"closed","ping_status":"closed","template":"","meta":{"_acf_changed":false,"footnotes":""},"class_list":["post-157","page","type-page","status-publish","hentry"],"acf":[],"yoast_head":"<!-- This site is optimized with the Yoast SEO plugin v27.3 - https:\/\/yoast.com\/product\/yoast-seo-wordpress\/ -->\n<title>Apte Fitness | Nous joindre<\/title>\n<meta name=\"description\" content=\"Visitez cette page pour conna\u00eetre nos coordonn\u00e9es, nous \u00e9crire, devenir membre, joindre notre r\u00e9seau de franchis\u00e9s ou trouver r\u00e9ponse \u00e0 vos questions!\" \/>\n<meta name=\"robots\" content=\"index, follow, max-snippet:-1, max-image-preview:large, max-video-preview:-1\" \/>\n<link rel=\"canonical\" href=\"https:\/\/aptefitness.com\/en\/contact\/\" \/>\n<meta property=\"og:locale\" content=\"en_US\" \/>\n<meta property=\"og:type\" content=\"article\" \/>\n<meta property=\"og:title\" content=\"Apte Fitness | Nous joindre\" \/>\n<meta property=\"og:description\" content=\"Visitez cette page pour conna\u00eetre nos coordonn\u00e9es, nous \u00e9crire, devenir membre, joindre notre r\u00e9seau de franchis\u00e9s ou trouver r\u00e9ponse \u00e0 vos questions!\" \/>\n<meta property=\"og:url\" content=\"https:\/\/aptefitness.com\/en\/contact\/\" \/>\n<meta property=\"og:site_name\" content=\"Apte Fitness\" \/>\n<meta property=\"article:modified_time\" content=\"2026-03-06T12:59:54+00:00\" \/>\n<meta property=\"og:image\" content=\"https:\/\/aptefitness.com\/wp-content\/uploads\/2024\/06\/apte-le-gym-interieur_C.jpg\" \/>\n\t<meta property=\"og:image:width\" content=\"1200\" \/>\n\t<meta property=\"og:image:height\" content=\"710\" \/>\n\t<meta property=\"og:image:type\" content=\"image\/jpeg\" \/>\n<meta name=\"twitter:card\" content=\"summary_large_image\" \/>\n<meta name=\"twitter:label1\" content=\"Est. reading time\" \/>\n\t<meta name=\"twitter:data1\" content=\"2 minutes\" \/>\n<script type=\"application\/ld+json\" class=\"yoast-schema-graph\">{\"@context\":\"https:\\\/\\\/schema.org\",\"@graph\":[{\"@type\":\"WebPage\",\"@id\":\"https:\\\/\\\/aptefitness.com\\\/fr\\\/contact\\\/\",\"url\":\"https:\\\/\\\/aptefitness.com\\\/fr\\\/contact\\\/\",\"name\":\"Apte Fitness | Nous joindre\",\"isPartOf\":{\"@id\":\"https:\\\/\\\/aptefitness.com\\\/#website\"},\"datePublished\":\"2021-07-09T21:27:53+00:00\",\"dateModified\":\"2026-03-06T12:59:54+00:00\",\"description\":\"Visitez cette page pour conna\u00eetre nos coordonn\u00e9es, nous \u00e9crire, devenir membre, joindre notre r\u00e9seau de franchis\u00e9s ou trouver r\u00e9ponse \u00e0 vos questions!\",\"breadcrumb\":{\"@id\":\"https:\\\/\\\/aptefitness.com\\\/fr\\\/contact\\\/#breadcrumb\"},\"inLanguage\":\"en-CA\",\"potentialAction\":[{\"@type\":\"ReadAction\",\"target\":[\"https:\\\/\\\/aptefitness.com\\\/fr\\\/contact\\\/\"]}]},{\"@type\":\"BreadcrumbList\",\"@id\":\"https:\\\/\\\/aptefitness.com\\\/fr\\\/contact\\\/#breadcrumb\",\"itemListElement\":[{\"@type\":\"ListItem\",\"position\":1,\"name\":\"Home\",\"item\":\"https:\\\/\\\/aptefitness.com\\\/\"},{\"@type\":\"ListItem\",\"position\":2,\"name\":\"contact\"}]},{\"@type\":\"WebSite\",\"@id\":\"https:\\\/\\\/aptefitness.com\\\/#website\",\"url\":\"https:\\\/\\\/aptefitness.com\\\/\",\"name\":\"Apte Fitness\",\"description\":\"Alimentation Performance Transformation Entrainement\",\"publisher\":{\"@id\":\"https:\\\/\\\/aptefitness.com\\\/#organization\"},\"potentialAction\":[{\"@type\":\"SearchAction\",\"target\":{\"@type\":\"EntryPoint\",\"urlTemplate\":\"https:\\\/\\\/aptefitness.com\\\/?s={search_term_string}\"},\"query-input\":{\"@type\":\"PropertyValueSpecification\",\"valueRequired\":true,\"valueName\":\"search_term_string\"}}],\"inLanguage\":\"en-CA\"},{\"@type\":\"Organization\",\"@id\":\"https:\\\/\\\/aptefitness.com\\\/#organization\",\"name\":\"Apte Fitness\",\"alternateName\":\"Apte\",\"url\":\"https:\\\/\\\/aptefitness.com\\\/\",\"logo\":{\"@type\":\"ImageObject\",\"inLanguage\":\"en-CA\",\"@id\":\"https:\\\/\\\/aptefitness.com\\\/#\\\/schema\\\/logo\\\/image\\\/\",\"url\":\"https:\\\/\\\/aptefitness.com\\\/wp-content\\\/uploads\\\/2024\\\/05\\\/logoApteFitness.png\",\"contentUrl\":\"https:\\\/\\\/aptefitness.com\\\/wp-content\\\/uploads\\\/2024\\\/05\\\/logoApteFitness.png\",\"width\":275,\"height\":108,\"caption\":\"Apte Fitness\"},\"image\":{\"@id\":\"https:\\\/\\\/aptefitness.com\\\/#\\\/schema\\\/logo\\\/image\\\/\"}}]}<\/script>\n<!-- \/ Yoast SEO plugin. -->","yoast_head_json":{"title":"Apte Fitness | Contact Us","description":"Visit this page to find out how to contact us, write to us, become a member, join our franchise network or get answers to your questions!","robots":{"index":"index","follow":"follow","max-snippet":"max-snippet:-1","max-image-preview":"max-image-preview:large","max-video-preview":"max-video-preview:-1"},"canonical":"https:\/\/aptefitness.com\/en\/contact\/","og_locale":"en_US","og_type":"article","og_title":"Apte Fitness | Nous joindre","og_description":"Visitez cette page pour conna\u00eetre nos coordonn\u00e9es, nous \u00e9crire, devenir membre, joindre notre r\u00e9seau de franchis\u00e9s ou trouver r\u00e9ponse \u00e0 vos questions!","og_url":"https:\/\/aptefitness.com\/en\/contact\/","og_site_name":"Apte Fitness","article_modified_time":"2026-03-06T12:59:54+00:00","og_image":[{"width":1200,"height":710,"url":"https:\/\/aptefitness.com\/wp-content\/uploads\/2024\/06\/apte-le-gym-interieur_C.jpg","type":"image\/jpeg"}],"twitter_card":"summary_large_image","twitter_misc":{"Est. reading time":"2 minutes"},"schema":{"@context":"https:\/\/schema.org","@graph":[{"@type":"WebPage","@id":"https:\/\/aptefitness.com\/fr\/contact\/","url":"https:\/\/aptefitness.com\/fr\/contact\/","name":"Apte Fitness | Contact Us","isPartOf":{"@id":"https:\/\/aptefitness.com\/#website"},"datePublished":"2021-07-09T21:27:53+00:00","dateModified":"2026-03-06T12:59:54+00:00","description":"Visit this page to find out how to contact us, write to us, become a member, join our franchise network or get answers to your questions!","breadcrumb":{"@id":"https:\/\/aptefitness.com\/fr\/contact\/#breadcrumb"},"inLanguage":"en-CA","potentialAction":[{"@type":"ReadAction","target":["https:\/\/aptefitness.com\/fr\/contact\/"]}]},{"@type":"BreadcrumbList","@id":"https:\/\/aptefitness.com\/fr\/contact\/#breadcrumb","itemListElement":[{"@type":"ListItem","position":1,"name":"Home","item":"https:\/\/aptefitness.com\/"},{"@type":"ListItem","position":2,"name":"contact"}]},{"@type":"WebSite","@id":"https:\/\/aptefitness.com\/#website","url":"https:\/\/aptefitness.com\/","name":"Apte Fitness","description":"Nutrition Performance Transformation Training","publisher":{"@id":"https:\/\/aptefitness.com\/#organization"},"potentialAction":[{"@type":"SearchAction","target":{"@type":"EntryPoint","urlTemplate":"https:\/\/aptefitness.com\/?s={search_term_string}"},"query-input":{"@type":"PropertyValueSpecification","valueRequired":true,"valueName":"search_term_string"}}],"inLanguage":"en-CA"},{"@type":"Organization","@id":"https:\/\/aptefitness.com\/#organization","name":"Apte Fitness","alternateName":"Apte","url":"https:\/\/aptefitness.com\/","logo":{"@type":"ImageObject","inLanguage":"en-CA","@id":"https:\/\/aptefitness.com\/#\/schema\/logo\/image\/","url":"https:\/\/aptefitness.com\/wp-content\/uploads\/2024\/05\/logoApteFitness.png","contentUrl":"https:\/\/aptefitness.com\/wp-content\/uploads\/2024\/05\/logoApteFitness.png","width":275,"height":108,"caption":"Apte Fitness"},"image":{"@id":"https:\/\/aptefitness.com\/#\/schema\/logo\/image\/"}}]}},"_links":{"self":[{"href":"https:\/\/aptefitness.com\/en\/wp-json\/wp\/v2\/pages\/157","targetHints":{"allow":["GET"]}}],"collection":[{"href":"https:\/\/aptefitness.com\/en\/wp-json\/wp\/v2\/pages"}],"about":[{"href":"https:\/\/aptefitness.com\/en\/wp-json\/wp\/v2\/types\/page"}],"author":[{"embeddable":true,"href":"https:\/\/aptefitness.com\/en\/wp-json\/wp\/v2\/users\/1"}],"replies":[{"embeddable":true,"href":"https:\/\/aptefitness.com\/en\/wp-json\/wp\/v2\/comments?post=157"}],"version-history":[{"count":1,"href":"https:\/\/aptefitness.com\/en\/wp-json\/wp\/v2\/pages\/157\/revisions"}],"predecessor-version":[{"id":2498,"href":"https:\/\/aptefitness.com\/en\/wp-json\/wp\/v2\/pages\/157\/revisions\/2498"}],"wp:attachment":[{"href":"https:\/\/aptefitness.com\/en\/wp-json\/wp\/v2\/media?parent=157"}],"curies":[{"name":"wp","href":"https:\/\/api.w.org\/{rel}","templated":true}]}}