{"id":429,"date":"2021-09-02T22:49:23","date_gmt":"2021-09-02T22:49:23","guid":{"rendered":"https:\/\/aptefitness.com\/my-account\/"},"modified":"2021-09-02T22:49:23","modified_gmt":"2021-09-02T22:49:23","slug":"my-account","status":"publish","type":"page","link":"https:\/\/aptefitness.com\/en\/my-account\/","title":{"rendered":"My account"},"content":{"rendered":"<p>[woocommerce_my_account]<\/p>\n","protected":false},"excerpt":{"rendered":"","protected":false},"author":1,"featured_media":0,"parent":0,"menu_order":0,"comment_status":"closed","ping_status":"closed","template":"","meta":{"_acf_changed":false,"footnotes":""},"class_list":["post-429","page","type-page","status-publish","hentry"],"acf":[],"yoast_head":"<!-- This site is optimized with the Yoast SEO plugin v27.3 - https:\/\/yoast.com\/product\/yoast-seo-wordpress\/ -->\n<title>APTE Fitness | Votre Gym Exclusif \u00e0 Brossard et Terrebonne<\/title>\n<meta name=\"description\" content=\"Devenez la meilleure version de vous-m\u00eame chez APTE. Un gym exclusif et haut de gamme \u00e0 Brossard et Terrebonne. Places limit\u00e9es. Tu es Apte \u00e0 r\u00e9ussir.\" \/>\n<meta name=\"robots\" content=\"index, follow, max-snippet:-1, max-image-preview:large, max-video-preview:-1\" \/>\n<link rel=\"canonical\" href=\"https:\/\/aptefitness.com\/en\/my-account\/\" \/>\n<meta property=\"og:locale\" content=\"en_US\" \/>\n<meta property=\"og:type\" content=\"article\" \/>\n<meta property=\"og:title\" content=\"APTE Fitness | Votre Gym Exclusif \u00e0 Brossard et Terrebonne\" \/>\n<meta property=\"og:description\" content=\"Devenez la meilleure version de vous-m\u00eame chez APTE. Un gym exclusif et haut de gamme \u00e0 Brossard et Terrebonne. Places limit\u00e9es. Tu es Apte \u00e0 r\u00e9ussir.\" \/>\n<meta property=\"og:url\" content=\"https:\/\/aptefitness.com\/en\/my-account\/\" \/>\n<meta property=\"og:site_name\" content=\"Apte Fitness\" \/>\n<meta property=\"og:image\" content=\"https:\/\/aptefitness.com\/wp-content\/uploads\/2024\/06\/apte-le-gym-interieur_C.jpg\" \/>\n\t<meta property=\"og:image:width\" content=\"1200\" \/>\n\t<meta property=\"og:image:height\" content=\"710\" \/>\n\t<meta property=\"og:image:type\" content=\"image\/jpeg\" \/>\n<meta name=\"twitter:card\" content=\"summary_large_image\" \/>\n<script type=\"application\/ld+json\" class=\"yoast-schema-graph\">{\"@context\":\"https:\\\/\\\/schema.org\",\"@graph\":[{\"@type\":\"WebPage\",\"@id\":\"https:\\\/\\\/aptefitness.com\\\/my-account\\\/\",\"url\":\"https:\\\/\\\/aptefitness.com\\\/my-account\\\/\",\"name\":\"APTE Fitness | Votre Gym Exclusif \u00e0 Brossard et Terrebonne\",\"isPartOf\":{\"@id\":\"https:\\\/\\\/aptefitness.com\\\/#website\"},\"datePublished\":\"2021-09-02T22:49:23+00:00\",\"description\":\"Devenez la meilleure version de vous-m\u00eame chez APTE. Un gym exclusif et haut de gamme \u00e0 Brossard et Terrebonne. Places limit\u00e9es. Tu es Apte \u00e0 r\u00e9ussir.\",\"breadcrumb\":{\"@id\":\"https:\\\/\\\/aptefitness.com\\\/my-account\\\/#breadcrumb\"},\"inLanguage\":\"en-CA\",\"potentialAction\":[{\"@type\":\"ReadAction\",\"target\":[\"https:\\\/\\\/aptefitness.com\\\/my-account\\\/\"]}]},{\"@type\":\"BreadcrumbList\",\"@id\":\"https:\\\/\\\/aptefitness.com\\\/my-account\\\/#breadcrumb\",\"itemListElement\":[{\"@type\":\"ListItem\",\"position\":1,\"name\":\"Home\",\"item\":\"https:\\\/\\\/aptefitness.com\\\/\"},{\"@type\":\"ListItem\",\"position\":2,\"name\":\"My account\"}]},{\"@type\":\"WebSite\",\"@id\":\"https:\\\/\\\/aptefitness.com\\\/#website\",\"url\":\"https:\\\/\\\/aptefitness.com\\\/\",\"name\":\"Apte Fitness\",\"description\":\"Alimentation Performance Transformation Entrainement\",\"publisher\":{\"@id\":\"https:\\\/\\\/aptefitness.com\\\/#organization\"},\"potentialAction\":[{\"@type\":\"SearchAction\",\"target\":{\"@type\":\"EntryPoint\",\"urlTemplate\":\"https:\\\/\\\/aptefitness.com\\\/?s={search_term_string}\"},\"query-input\":{\"@type\":\"PropertyValueSpecification\",\"valueRequired\":true,\"valueName\":\"search_term_string\"}}],\"inLanguage\":\"en-CA\"},{\"@type\":\"Organization\",\"@id\":\"https:\\\/\\\/aptefitness.com\\\/#organization\",\"name\":\"Apte Fitness\",\"alternateName\":\"Apte\",\"url\":\"https:\\\/\\\/aptefitness.com\\\/\",\"logo\":{\"@type\":\"ImageObject\",\"inLanguage\":\"en-CA\",\"@id\":\"https:\\\/\\\/aptefitness.com\\\/#\\\/schema\\\/logo\\\/image\\\/\",\"url\":\"https:\\\/\\\/aptefitness.com\\\/wp-content\\\/uploads\\\/2024\\\/05\\\/logoApteFitness.png\",\"contentUrl\":\"https:\\\/\\\/aptefitness.com\\\/wp-content\\\/uploads\\\/2024\\\/05\\\/logoApteFitness.png\",\"width\":275,\"height\":108,\"caption\":\"Apte Fitness\"},\"image\":{\"@id\":\"https:\\\/\\\/aptefitness.com\\\/#\\\/schema\\\/logo\\\/image\\\/\"}}]}<\/script>\n<!-- \/ Yoast SEO plugin. -->","yoast_head_json":{"title":"APTE Fitness | Your Exclusive Gym in Brossard and Terrebonne","description":"Become the best version of yourself at APTE. An exclusive, upscale gym in Brossard and Terrebonne. Limited space available. You're fit to succeed.","robots":{"index":"index","follow":"follow","max-snippet":"max-snippet:-1","max-image-preview":"max-image-preview:large","max-video-preview":"max-video-preview:-1"},"canonical":"https:\/\/aptefitness.com\/en\/my-account\/","og_locale":"en_US","og_type":"article","og_title":"APTE Fitness | Votre Gym Exclusif \u00e0 Brossard et Terrebonne","og_description":"Devenez la meilleure version de vous-m\u00eame chez APTE. Un gym exclusif et haut de gamme \u00e0 Brossard et Terrebonne. Places limit\u00e9es. Tu es Apte \u00e0 r\u00e9ussir.","og_url":"https:\/\/aptefitness.com\/en\/my-account\/","og_site_name":"Apte Fitness","og_image":[{"width":1200,"height":710,"url":"https:\/\/aptefitness.com\/wp-content\/uploads\/2024\/06\/apte-le-gym-interieur_C.jpg","type":"image\/jpeg"}],"twitter_card":"summary_large_image","schema":{"@context":"https:\/\/schema.org","@graph":[{"@type":"WebPage","@id":"https:\/\/aptefitness.com\/my-account\/","url":"https:\/\/aptefitness.com\/my-account\/","name":"APTE Fitness | Your Exclusive Gym in Brossard and Terrebonne","isPartOf":{"@id":"https:\/\/aptefitness.com\/#website"},"datePublished":"2021-09-02T22:49:23+00:00","description":"Become the best version of yourself at APTE. An exclusive, upscale gym in Brossard and Terrebonne. Limited space available. You're fit to succeed.","breadcrumb":{"@id":"https:\/\/aptefitness.com\/my-account\/#breadcrumb"},"inLanguage":"en-CA","potentialAction":[{"@type":"ReadAction","target":["https:\/\/aptefitness.com\/my-account\/"]}]},{"@type":"BreadcrumbList","@id":"https:\/\/aptefitness.com\/my-account\/#breadcrumb","itemListElement":[{"@type":"ListItem","position":1,"name":"Home","item":"https:\/\/aptefitness.com\/"},{"@type":"ListItem","position":2,"name":"My account"}]},{"@type":"WebSite","@id":"https:\/\/aptefitness.com\/#website","url":"https:\/\/aptefitness.com\/","name":"Apte Fitness","description":"Nutrition Performance Transformation Training","publisher":{"@id":"https:\/\/aptefitness.com\/#organization"},"potentialAction":[{"@type":"SearchAction","target":{"@type":"EntryPoint","urlTemplate":"https:\/\/aptefitness.com\/?s={search_term_string}"},"query-input":{"@type":"PropertyValueSpecification","valueRequired":true,"valueName":"search_term_string"}}],"inLanguage":"en-CA"},{"@type":"Organization","@id":"https:\/\/aptefitness.com\/#organization","name":"Apte Fitness","alternateName":"Apte","url":"https:\/\/aptefitness.com\/","logo":{"@type":"ImageObject","inLanguage":"en-CA","@id":"https:\/\/aptefitness.com\/#\/schema\/logo\/image\/","url":"https:\/\/aptefitness.com\/wp-content\/uploads\/2024\/05\/logoApteFitness.png","contentUrl":"https:\/\/aptefitness.com\/wp-content\/uploads\/2024\/05\/logoApteFitness.png","width":275,"height":108,"caption":"Apte Fitness"},"image":{"@id":"https:\/\/aptefitness.com\/#\/schema\/logo\/image\/"}}]}},"_links":{"self":[{"href":"https:\/\/aptefitness.com\/en\/wp-json\/wp\/v2\/pages\/429","targetHints":{"allow":["GET"]}}],"collection":[{"href":"https:\/\/aptefitness.com\/en\/wp-json\/wp\/v2\/pages"}],"about":[{"href":"https:\/\/aptefitness.com\/en\/wp-json\/wp\/v2\/types\/page"}],"author":[{"embeddable":true,"href":"https:\/\/aptefitness.com\/en\/wp-json\/wp\/v2\/users\/1"}],"replies":[{"embeddable":true,"href":"https:\/\/aptefitness.com\/en\/wp-json\/wp\/v2\/comments?post=429"}],"version-history":[{"count":0,"href":"https:\/\/aptefitness.com\/en\/wp-json\/wp\/v2\/pages\/429\/revisions"}],"wp:attachment":[{"href":"https:\/\/aptefitness.com\/en\/wp-json\/wp\/v2\/media?parent=429"}],"curies":[{"name":"wp","href":"https:\/\/api.w.org\/{rel}","templated":true}]}}