{"id":5034,"date":"2026-03-06T13:10:26","date_gmt":"2026-03-06T13:10:26","guid":{"rendered":"https:\/\/aptefitness.com\/?page_id=5034"},"modified":"2026-04-08T22:37:46","modified_gmt":"2026-04-08T22:37:46","slug":"about","status":"publish","type":"page","link":"https:\/\/aptefitness.com\/en\/a-propos\/","title":{"rendered":"\u00c0 Propos APTE"},"content":{"rendered":"","protected":false},"excerpt":{"rendered":"","protected":false},"author":5,"featured_media":0,"parent":0,"menu_order":0,"comment_status":"closed","ping_status":"closed","template":"page-templates\/template-about-terrebonne.php","meta":{"_acf_changed":false,"footnotes":""},"class_list":["post-5034","page","type-page","status-publish","hentry"],"acf":[],"yoast_head":"<!-- This site is optimized with the Yoast SEO plugin v27.3 - https:\/\/yoast.com\/product\/yoast-seo-wordpress\/ -->\n<title>APTE Fitness | Votre Gym Exclusif \u00e0 Brossard et Terrebonne<\/title>\n<meta name=\"description\" content=\"Devenez la meilleure version de vous-m\u00eame chez APTE. Un gym exclusif et haut de gamme \u00e0 Brossard et Terrebonne. Places limit\u00e9es. Tu es Apte \u00e0 r\u00e9ussir.\" \/>\n<meta name=\"robots\" content=\"index, follow, max-snippet:-1, max-image-preview:large, max-video-preview:-1\" \/>\n<link rel=\"canonical\" href=\"https:\/\/aptefitness.com\/en\/about\/\" \/>\n<meta property=\"og:locale\" content=\"en_US\" \/>\n<meta property=\"og:type\" content=\"article\" \/>\n<meta property=\"og:title\" content=\"APTE Fitness | Votre Gym Exclusif \u00e0 Brossard et Terrebonne\" \/>\n<meta property=\"og:description\" content=\"Devenez la meilleure version de vous-m\u00eame chez APTE. Un gym exclusif et haut de gamme \u00e0 Brossard et Terrebonne. Places limit\u00e9es. Tu es Apte \u00e0 r\u00e9ussir.\" \/>\n<meta property=\"og:url\" content=\"https:\/\/aptefitness.com\/en\/about\/\" \/>\n<meta property=\"og:site_name\" content=\"Apte Fitness\" \/>\n<meta property=\"article:modified_time\" content=\"2026-04-08T22:37:46+00:00\" \/>\n<meta property=\"og:image\" content=\"https:\/\/aptefitness.com\/wp-content\/uploads\/2024\/06\/apte-le-gym-interieur_C.jpg\" \/>\n\t<meta property=\"og:image:width\" content=\"1200\" \/>\n\t<meta property=\"og:image:height\" content=\"710\" \/>\n\t<meta property=\"og:image:type\" content=\"image\/jpeg\" \/>\n<meta name=\"twitter:card\" content=\"summary_large_image\" \/>\n<script type=\"application\/ld+json\" class=\"yoast-schema-graph\">{\"@context\":\"https:\\\/\\\/schema.org\",\"@graph\":[{\"@type\":\"WebPage\",\"@id\":\"https:\\\/\\\/aptefitness.com\\\/a-propos\\\/\",\"url\":\"https:\\\/\\\/aptefitness.com\\\/a-propos\\\/\",\"name\":\"APTE Fitness | Votre Gym Exclusif \u00e0 Brossard et Terrebonne\",\"isPartOf\":{\"@id\":\"https:\\\/\\\/aptefitness.com\\\/#website\"},\"datePublished\":\"2026-03-06T13:10:26+00:00\",\"dateModified\":\"2026-04-08T22:37:46+00:00\",\"description\":\"Devenez la meilleure version de vous-m\u00eame chez APTE. Un gym exclusif et haut de gamme \u00e0 Brossard et Terrebonne. Places limit\u00e9es. Tu es Apte \u00e0 r\u00e9ussir.\",\"breadcrumb\":{\"@id\":\"https:\\\/\\\/aptefitness.com\\\/a-propos\\\/#breadcrumb\"},\"inLanguage\":\"en-CA\",\"potentialAction\":[{\"@type\":\"ReadAction\",\"target\":[\"https:\\\/\\\/aptefitness.com\\\/a-propos\\\/\"]}]},{\"@type\":\"BreadcrumbList\",\"@id\":\"https:\\\/\\\/aptefitness.com\\\/a-propos\\\/#breadcrumb\",\"itemListElement\":[{\"@type\":\"ListItem\",\"position\":1,\"name\":\"Home\",\"item\":\"https:\\\/\\\/aptefitness.com\\\/\"},{\"@type\":\"ListItem\",\"position\":2,\"name\":\"\u00c0 Propos APTE\"}]},{\"@type\":\"WebSite\",\"@id\":\"https:\\\/\\\/aptefitness.com\\\/#website\",\"url\":\"https:\\\/\\\/aptefitness.com\\\/\",\"name\":\"Apte Fitness\",\"description\":\"Alimentation Performance Transformation Entrainement\",\"publisher\":{\"@id\":\"https:\\\/\\\/aptefitness.com\\\/#organization\"},\"potentialAction\":[{\"@type\":\"SearchAction\",\"target\":{\"@type\":\"EntryPoint\",\"urlTemplate\":\"https:\\\/\\\/aptefitness.com\\\/?s={search_term_string}\"},\"query-input\":{\"@type\":\"PropertyValueSpecification\",\"valueRequired\":true,\"valueName\":\"search_term_string\"}}],\"inLanguage\":\"en-CA\"},{\"@type\":\"Organization\",\"@id\":\"https:\\\/\\\/aptefitness.com\\\/#organization\",\"name\":\"Apte Fitness\",\"alternateName\":\"Apte\",\"url\":\"https:\\\/\\\/aptefitness.com\\\/\",\"logo\":{\"@type\":\"ImageObject\",\"inLanguage\":\"en-CA\",\"@id\":\"https:\\\/\\\/aptefitness.com\\\/#\\\/schema\\\/logo\\\/image\\\/\",\"url\":\"https:\\\/\\\/aptefitness.com\\\/wp-content\\\/uploads\\\/2024\\\/05\\\/logoApteFitness.png\",\"contentUrl\":\"https:\\\/\\\/aptefitness.com\\\/wp-content\\\/uploads\\\/2024\\\/05\\\/logoApteFitness.png\",\"width\":275,\"height\":108,\"caption\":\"Apte Fitness\"},\"image\":{\"@id\":\"https:\\\/\\\/aptefitness.com\\\/#\\\/schema\\\/logo\\\/image\\\/\"}}]}<\/script>\n<!-- \/ Yoast SEO plugin. -->","yoast_head_json":{"title":"APTE Fitness | Your Exclusive Gym in Brossard and Terrebonne","description":"Become the best version of yourself at APTE. An exclusive, upscale gym in Brossard and Terrebonne. Limited space available. You're fit to succeed.","robots":{"index":"index","follow":"follow","max-snippet":"max-snippet:-1","max-image-preview":"max-image-preview:large","max-video-preview":"max-video-preview:-1"},"canonical":"https:\/\/aptefitness.com\/en\/about\/","og_locale":"en_US","og_type":"article","og_title":"APTE Fitness | Votre Gym Exclusif \u00e0 Brossard et Terrebonne","og_description":"Devenez la meilleure version de vous-m\u00eame chez APTE. Un gym exclusif et haut de gamme \u00e0 Brossard et Terrebonne. Places limit\u00e9es. Tu es Apte \u00e0 r\u00e9ussir.","og_url":"https:\/\/aptefitness.com\/en\/about\/","og_site_name":"Apte Fitness","article_modified_time":"2026-04-08T22:37:46+00:00","og_image":[{"width":1200,"height":710,"url":"https:\/\/aptefitness.com\/wp-content\/uploads\/2024\/06\/apte-le-gym-interieur_C.jpg","type":"image\/jpeg"}],"twitter_card":"summary_large_image","schema":{"@context":"https:\/\/schema.org","@graph":[{"@type":"WebPage","@id":"https:\/\/aptefitness.com\/a-propos\/","url":"https:\/\/aptefitness.com\/a-propos\/","name":"APTE Fitness | Your Exclusive Gym in Brossard and Terrebonne","isPartOf":{"@id":"https:\/\/aptefitness.com\/#website"},"datePublished":"2026-03-06T13:10:26+00:00","dateModified":"2026-04-08T22:37:46+00:00","description":"Become the best version of yourself at APTE. An exclusive, upscale gym in Brossard and Terrebonne. Limited space available. You're fit to succeed.","breadcrumb":{"@id":"https:\/\/aptefitness.com\/a-propos\/#breadcrumb"},"inLanguage":"en-CA","potentialAction":[{"@type":"ReadAction","target":["https:\/\/aptefitness.com\/a-propos\/"]}]},{"@type":"BreadcrumbList","@id":"https:\/\/aptefitness.com\/a-propos\/#breadcrumb","itemListElement":[{"@type":"ListItem","position":1,"name":"Home","item":"https:\/\/aptefitness.com\/"},{"@type":"ListItem","position":2,"name":"\u00c0 Propos APTE"}]},{"@type":"WebSite","@id":"https:\/\/aptefitness.com\/#website","url":"https:\/\/aptefitness.com\/","name":"Apte Fitness","description":"Nutrition Performance Transformation Training","publisher":{"@id":"https:\/\/aptefitness.com\/#organization"},"potentialAction":[{"@type":"SearchAction","target":{"@type":"EntryPoint","urlTemplate":"https:\/\/aptefitness.com\/?s={search_term_string}"},"query-input":{"@type":"PropertyValueSpecification","valueRequired":true,"valueName":"search_term_string"}}],"inLanguage":"en-CA"},{"@type":"Organization","@id":"https:\/\/aptefitness.com\/#organization","name":"Apte Fitness","alternateName":"Apte","url":"https:\/\/aptefitness.com\/","logo":{"@type":"ImageObject","inLanguage":"en-CA","@id":"https:\/\/aptefitness.com\/#\/schema\/logo\/image\/","url":"https:\/\/aptefitness.com\/wp-content\/uploads\/2024\/05\/logoApteFitness.png","contentUrl":"https:\/\/aptefitness.com\/wp-content\/uploads\/2024\/05\/logoApteFitness.png","width":275,"height":108,"caption":"Apte Fitness"},"image":{"@id":"https:\/\/aptefitness.com\/#\/schema\/logo\/image\/"}}]}},"_links":{"self":[{"href":"https:\/\/aptefitness.com\/en\/wp-json\/wp\/v2\/pages\/5034","targetHints":{"allow":["GET"]}}],"collection":[{"href":"https:\/\/aptefitness.com\/en\/wp-json\/wp\/v2\/pages"}],"about":[{"href":"https:\/\/aptefitness.com\/en\/wp-json\/wp\/v2\/types\/page"}],"author":[{"embeddable":true,"href":"https:\/\/aptefitness.com\/en\/wp-json\/wp\/v2\/users\/5"}],"replies":[{"embeddable":true,"href":"https:\/\/aptefitness.com\/en\/wp-json\/wp\/v2\/comments?post=5034"}],"version-history":[{"count":2,"href":"https:\/\/aptefitness.com\/en\/wp-json\/wp\/v2\/pages\/5034\/revisions"}],"predecessor-version":[{"id":5651,"href":"https:\/\/aptefitness.com\/en\/wp-json\/wp\/v2\/pages\/5034\/revisions\/5651"}],"wp:attachment":[{"href":"https:\/\/aptefitness.com\/en\/wp-json\/wp\/v2\/media?parent=5034"}],"curies":[{"name":"wp","href":"https:\/\/api.w.org\/{rel}","templated":true}]}}