{"id":482,"date":"2021-11-19T22:56:17","date_gmt":"2021-11-19T22:56:17","guid":{"rendered":"https:\/\/aptefitness.com\/?page_id=482"},"modified":"2026-04-02T18:46:58","modified_gmt":"2026-04-02T18:46:58","slug":"boutique","status":"publish","type":"page","link":"https:\/\/aptefitness.com\/fr\/boutique\/","title":{"rendered":"Boutique"},"content":{"rendered":"<p>[et_pb_section fb_built=\u00a0\u00bb1&Prime; fullwidth=\u00a0\u00bbon\u00a0\u00bb theme_builder_area=\u00a0\u00bbpost_content\u00a0\u00bb _builder_version=\u00a0\u00bb4.14.4&Prime; _module_preset=\u00a0\u00bbdefault\u00a0\u00bb hover_enabled=\u00a0\u00bb0&Prime; sticky_enabled=\u00a0\u00bb0&Prime; module_alignment=\u00a0\u00bbleft\u00a0\u00bb][et_pb_fullwidth_header title=\u00a0\u00bbBoutique\u00a0\u00bb _builder_version=\u00a0\u00bb4.14.4&Prime; _module_preset=\u00a0\u00bbdefault\u00a0\u00bb theme_builder_area=\u00a0\u00bbpost_content\u00a0\u00bb hover_enabled=\u00a0\u00bb0&Prime; sticky_enabled=\u00a0\u00bb0&Prime; custom_padding=\u00a0\u00bb43px||32px|||\u00a0\u00bb title_text_color=\u00a0\u00bb#000000&Prime; title_font=\u00a0\u00bbApte &#8211; Black||||||||\u00a0\u00bb min_height=\u00a0\u00bb151px\u00a0\u00bb background_enable_color=\u00a0\u00bboff\u00a0\u00bb title_text_align=\u00a0\u00bbleft\u00a0\u00bb content_text_color=\u00a0\u00bb#000000&Prime; content_font=\u00a0\u00bbApte &#8211; Regular||||||||\u00a0\u00bb content_font_size=\u00a0\u00bb15px\u00a0\u00bb]<\/p>\n<p style=\"text-align: left;\">D\u00e9couvre notre marchandise<\/p>\n<p>[\/et_pb_fullwidth_header][\/et_pb_section][et_pb_section fb_built=\u00a0\u00bb1&Prime; _builder_version=\u00a0\u00bb4.14.4&Prime; _module_preset=\u00a0\u00bbdefault\u00a0\u00bb global_colors_info=\u00a0\u00bb{}\u00a0\u00bb min_height=\u00a0\u00bb481px\u00a0\u00bb custom_padding=\u00a0\u00bb18px|||||\u00a0\u00bb][et_pb_row _builder_version=\u00a0\u00bb4.14.4&Prime; _module_preset=\u00a0\u00bbdefault\u00a0\u00bb global_colors_info=\u00a0\u00bb{}\u00a0\u00bb][et_pb_column type=\u00a0\u00bb4_4&Prime; _builder_version=\u00a0\u00bb4.14.4&Prime; _module_preset=\u00a0\u00bbdefault\u00a0\u00bb global_colors_info=\u00a0\u00bb{}\u00a0\u00bb][et_pb_code _builder_version=\u00a0\u00bb4.14.4&Prime; _module_preset=\u00a0\u00bbdefault\u00a0\u00bb global_colors_info=\u00a0\u00bb{}\u00a0\u00bb] [products][\/et_pb_code][\/et_pb_column][\/et_pb_row][\/et_pb_section][et_pb_section fb_built=\u00a0\u00bb1&Prime; _builder_version=\u00a0\u00bb4.9.10&Prime; _module_preset=\u00a0\u00bbdefault\u00a0\u00bb background_color=\u00a0\u00bb#1A1A1A\u00a0\u00bb global_module=\u00a0\u00bb330&Prime; saved_tabs=\u00a0\u00bball\u00a0\u00bb global_colors_info=\u00a0\u00bb{}\u00a0\u00bb][et_pb_row column_structure=\u00a0\u00bb1_4,1_4,1_4,1_4&Prime; _builder_version=\u00a0\u00bb4.9.7&Prime; _module_preset=\u00a0\u00bbdefault\u00a0\u00bb background_image=\u00a0\u00bbhttps:\/\/aptefitness.com\/wp-content\/uploads\/2021\/06\/APTE_VALEURS_BG-1.png\u00a0\u00bb background_size=\u00a0\u00bbcontain\u00a0\u00bb background_position=\u00a0\u00bbcenter_left\u00a0\u00bb background_blend=\u00a0\u00bbluminosity\u00a0\u00bb width=\u00a0\u00bb90%\u00a0\u00bb max_width=\u00a0\u00bb100%\u00a0\u00bb global_colors_info=\u00a0\u00bb{}\u00a0\u00bb][et_pb_column type=\u00a0\u00bb1_4&Prime; _builder_version=\u00a0\u00bb4.9.7&Prime; _module_preset=\u00a0\u00bbdefault\u00a0\u00bb global_colors_info=\u00a0\u00bb{}\u00a0\u00bb][\/et_pb_column][et_pb_column type=\u00a0\u00bb1_4&Prime; _builder_version=\u00a0\u00bb4.9.7&Prime; _module_preset=\u00a0\u00bbdefault\u00a0\u00bb global_colors_info=\u00a0\u00bb{}\u00a0\u00bb][et_pb_divider color=\u00a0\u00bb#DB3C0B\u00a0\u00bb divider_weight=\u00a0\u00bb1px\u00a0\u00bb _builder_version=\u00a0\u00bb4.9.7&Prime; _module_preset=\u00a0\u00bbdefault\u00a0\u00bb width=\u00a0\u00bb50px\u00a0\u00bb height=\u00a0\u00bb18px\u00a0\u00bb custom_margin=\u00a0\u00bb||0px||false|false\u00a0\u00bb custom_padding=\u00a0\u00bb||0px||false|false\u00a0\u00bb global_colors_info=\u00a0\u00bb{}\u00a0\u00bb][\/et_pb_divider][et_pb_text _builder_version=\u00a0\u00bb4.10.6&Prime; _module_preset=\u00a0\u00bbdefault\u00a0\u00bb link_font=\u00a0\u00bbApte &#8211; Bold|||on|||||\u00a0\u00bb link_text_color=\u00a0\u00bb#E6E6E6&Prime; link_font_size=\u00a0\u00bb10px\u00a0\u00bb link_letter_spacing=\u00a0\u00bb2px\u00a0\u00bb link_line_height=\u00a0\u00bb1.4em\u00a0\u00bb header_4_text_color=\u00a0\u00bb#FFFFFF\u00a0\u00bb header_4_font_size=\u00a0\u00bb16px\u00a0\u00bb header_4_letter_spacing=\u00a0\u00bb2px\u00a0\u00bb custom_margin=\u00a0\u00bb0px||||false|false\u00a0\u00bb custom_padding=\u00a0\u00bb0px||||false|false\u00a0\u00bb global_colors_info=\u00a0\u00bb{}\u00a0\u00bb]<a href=\"\/home\">Accueil<\/a><br \/>\n<a href=\"\/coming-soon\">Boutique<\/a><br \/>\n<a href=\"\/equipe\">\u00c9QUIPE<\/a><br \/>\n<a href=\"\/services\">SERVICES<\/a><br \/>\n<a href=\"\/transformations\">TRANSFORMATIONS<\/a><br \/>\n<a href=\"\/347-2\/\">FAQs<\/a><br \/>\n<a href=\"\/contact\">nous joindre<\/a>[\/et_pb_text][\/et_pb_column][et_pb_column type=\u00a0\u00bb1_4&Prime; _builder_version=\u00a0\u00bb4.9.7&Prime; _module_preset=\u00a0\u00bbdefault\u00a0\u00bb global_colors_info=\u00a0\u00bb{}\u00a0\u00bb][et_pb_divider color=\u00a0\u00bb#DB3C0B\u00a0\u00bb divider_weight=\u00a0\u00bb1px\u00a0\u00bb _builder_version=\u00a0\u00bb4.9.7&Prime; _module_preset=\u00a0\u00bbdefault\u00a0\u00bb width=\u00a0\u00bb50px\u00a0\u00bb height=\u00a0\u00bb18px\u00a0\u00bb custom_margin=\u00a0\u00bb||0px||false|false\u00a0\u00bb custom_padding=\u00a0\u00bb||0px||false|false\u00a0\u00bb global_colors_info=\u00a0\u00bb{}\u00a0\u00bb][\/et_pb_divider][et_pb_social_media_follow _builder_version=\u00a0\u00bb4.9.7&Prime; _module_preset=\u00a0\u00bbdefault\u00a0\u00bb global_colors_info=\u00a0\u00bb{}\u00a0\u00bb][et_pb_social_media_follow_network social_network=\u00a0\u00bbfacebook\u00a0\u00bb icon_color=\u00a0\u00bb#FFFFFF\u00a0\u00bb _builder_version=\u00a0\u00bb4.9.7&Prime; _module_preset=\u00a0\u00bbdefault\u00a0\u00bb background_color=\u00a0\u00bb#000000&Prime; background_enable_color=\u00a0\u00bbon\u00a0\u00bb global_colors_info=\u00a0\u00bb{}\u00a0\u00bb follow_button=\u00a0\u00bboff\u00a0\u00bb url_new_window=\u00a0\u00bbon\u00a0\u00bb]facebook[\/et_pb_social_media_follow_network][et_pb_social_media_follow_network social_network=\u00a0\u00bbinstagram\u00a0\u00bb icon_color=\u00a0\u00bb#FFFFFF\u00a0\u00bb _builder_version=\u00a0\u00bb4.9.7&Prime; _module_preset=\u00a0\u00bbdefault\u00a0\u00bb background_color=\u00a0\u00bb#000000&Prime; background_enable_color=\u00a0\u00bbon\u00a0\u00bb global_colors_info=\u00a0\u00bb{}\u00a0\u00bb follow_button=\u00a0\u00bboff\u00a0\u00bb url_new_window=\u00a0\u00bbon\u00a0\u00bb]instagram[\/et_pb_social_media_follow_network][et_pb_social_media_follow_network social_network=\u00a0\u00bbyoutube\u00a0\u00bb _builder_version=\u00a0\u00bb4.9.7&Prime; _module_preset=\u00a0\u00bbdefault\u00a0\u00bb background_color=\u00a0\u00bb#000000&Prime; background_enable_color=\u00a0\u00bbon\u00a0\u00bb global_colors_info=\u00a0\u00bb{}\u00a0\u00bb follow_button=\u00a0\u00bboff\u00a0\u00bb url_new_window=\u00a0\u00bbon\u00a0\u00bb]youtube[\/et_pb_social_media_follow_network][\/et_pb_social_media_follow][\/et_pb_column][et_pb_column type=\u00a0\u00bb1_4&Prime; _builder_version=\u00a0\u00bb4.9.7&Prime; _module_preset=\u00a0\u00bbdefault\u00a0\u00bb global_colors_info=\u00a0\u00bb{}\u00a0\u00bb][et_pb_image src=\u00a0\u00bbhttps:\/\/aptefitness.com\/wp-content\/uploads\/2021\/07\/APTE_effetapte.png\u00a0\u00bb title_text=\u00a0\u00bbAPTE_effetapte\u00a0\u00bb _builder_version=\u00a0\u00bb4.9.7&Prime; _module_preset=\u00a0\u00bbdefault\u00a0\u00bb global_colors_info=\u00a0\u00bb{}\u00a0\u00bb][\/et_pb_image][\/et_pb_column][\/et_pb_row][\/et_pb_section]<\/p>\n","protected":false},"excerpt":{"rendered":"<p>[et_pb_section fb_built=\u00a0\u00bb1&Prime; fullwidth=\u00a0\u00bbon\u00a0\u00bb theme_builder_area=\u00a0\u00bbpost_content\u00a0\u00bb _builder_version=\u00a0\u00bb4.14.4&Prime; _module_preset=\u00a0\u00bbdefault\u00a0\u00bb hover_enabled=\u00a0\u00bb0&Prime; sticky_enabled=\u00a0\u00bb0&Prime; module_alignment=\u00a0\u00bbleft\u00a0\u00bb][et_pb_fullwidth_header title=\u00a0\u00bbBoutique\u00a0\u00bb _builder_version=\u00a0\u00bb4.14.4&Prime; _module_preset=\u00a0\u00bbdefault\u00a0\u00bb theme_builder_area=\u00a0\u00bbpost_content\u00a0\u00bb hover_enabled=\u00a0\u00bb0&Prime; sticky_enabled=\u00a0\u00bb0&Prime; custom_padding=\u00a0\u00bb43px||32px|||\u00a0\u00bb title_text_color=\u00a0\u00bb#000000&Prime; title_font=\u00a0\u00bbApte &#8211; Black||||||||\u00a0\u00bb min_height=\u00a0\u00bb151px\u00a0\u00bb background_enable_color=\u00a0\u00bboff\u00a0\u00bb title_text_align=\u00a0\u00bbleft\u00a0\u00bb content_text_color=\u00a0\u00bb#000000&Prime; content_font=\u00a0\u00bbApte&#8230;<\/p>\n","protected":false},"author":1,"featured_media":0,"parent":0,"menu_order":0,"comment_status":"closed","ping_status":"closed","template":"page-templates\/template-shop.php","meta":{"_acf_changed":false,"footnotes":""},"class_list":["post-482","page","type-page","status-publish","hentry"],"acf":[],"yoast_head":"<!-- This site is optimized with the Yoast SEO plugin v27.4 - https:\/\/yoast.com\/product\/yoast-seo-wordpress\/ -->\n<title>Apte to Go \u2013 Boutique libre-service 24\/7 chez Apte Fitness<\/title>\n<meta name=\"description\" content=\"D\u00e9couvrez Apte to Go, notre boutique autonome accessible 24\/7: collations, suppl\u00e9ments et accessoires s\u00e9lectionn\u00e9s par nos coachs et naturopathe.\" \/>\n<meta name=\"robots\" content=\"index, follow, max-snippet:-1, max-image-preview:large, max-video-preview:-1\" \/>\n<link rel=\"canonical\" href=\"https:\/\/aptefitness.com\/fr\/boutique\/\" \/>\n<meta property=\"og:locale\" content=\"fr_CA\" \/>\n<meta property=\"og:type\" content=\"article\" \/>\n<meta property=\"og:title\" content=\"Apte to Go \u2013 Boutique libre-service 24\/7 chez Apte Fitness\" \/>\n<meta property=\"og:description\" content=\"D\u00e9couvrez Apte to Go, notre boutique autonome accessible 24\/7: collations, suppl\u00e9ments et accessoires s\u00e9lectionn\u00e9s par nos coachs et naturopathe.\" \/>\n<meta property=\"og:url\" content=\"https:\/\/aptefitness.com\/fr\/boutique\/\" \/>\n<meta property=\"og:site_name\" content=\"Apte Fitness\" \/>\n<meta property=\"article:modified_time\" content=\"2026-04-02T18:46:58+00:00\" \/>\n<meta property=\"og:image\" content=\"https:\/\/aptefitness.com\/wp-content\/uploads\/2024\/06\/apte-le-gym-interieur_C.jpg\" \/>\n\t<meta property=\"og:image:width\" content=\"1200\" \/>\n\t<meta property=\"og:image:height\" content=\"710\" \/>\n\t<meta property=\"og:image:type\" content=\"image\/jpeg\" \/>\n<meta name=\"twitter:card\" content=\"summary_large_image\" \/>\n<meta name=\"twitter:label1\" content=\"Estimation du temps de lecture\" \/>\n\t<meta name=\"twitter:data1\" content=\"1 minute\" \/>\n<script type=\"application\/ld+json\" class=\"yoast-schema-graph\">{\"@context\":\"https:\\\/\\\/schema.org\",\"@graph\":[{\"@type\":\"WebPage\",\"@id\":\"https:\\\/\\\/aptefitness.com\\\/boutique\\\/\",\"url\":\"https:\\\/\\\/aptefitness.com\\\/boutique\\\/\",\"name\":\"Apte to Go \u2013 Boutique libre-service 24\\\/7 chez Apte Fitness\",\"isPartOf\":{\"@id\":\"https:\\\/\\\/aptefitness.com\\\/#website\"},\"datePublished\":\"2021-11-19T22:56:17+00:00\",\"dateModified\":\"2026-04-02T18:46:58+00:00\",\"description\":\"D\u00e9couvrez Apte to Go, notre boutique autonome accessible 24\\\/7: collations, suppl\u00e9ments et accessoires s\u00e9lectionn\u00e9s par nos coachs et naturopathe.\",\"breadcrumb\":{\"@id\":\"https:\\\/\\\/aptefitness.com\\\/boutique\\\/#breadcrumb\"},\"inLanguage\":\"fr-CA\",\"potentialAction\":[{\"@type\":\"ReadAction\",\"target\":[\"https:\\\/\\\/aptefitness.com\\\/boutique\\\/\"]}]},{\"@type\":\"BreadcrumbList\",\"@id\":\"https:\\\/\\\/aptefitness.com\\\/boutique\\\/#breadcrumb\",\"itemListElement\":[{\"@type\":\"ListItem\",\"position\":1,\"name\":\"Home\",\"item\":\"https:\\\/\\\/aptefitness.com\\\/\"},{\"@type\":\"ListItem\",\"position\":2,\"name\":\"Boutique\"}]},{\"@type\":\"WebSite\",\"@id\":\"https:\\\/\\\/aptefitness.com\\\/#website\",\"url\":\"https:\\\/\\\/aptefitness.com\\\/\",\"name\":\"Apte Fitness\",\"description\":\"Alimentation Performance Transformation Entrainement\",\"publisher\":{\"@id\":\"https:\\\/\\\/aptefitness.com\\\/#organization\"},\"potentialAction\":[{\"@type\":\"SearchAction\",\"target\":{\"@type\":\"EntryPoint\",\"urlTemplate\":\"https:\\\/\\\/aptefitness.com\\\/?s={search_term_string}\"},\"query-input\":{\"@type\":\"PropertyValueSpecification\",\"valueRequired\":true,\"valueName\":\"search_term_string\"}}],\"inLanguage\":\"fr-CA\"},{\"@type\":\"Organization\",\"@id\":\"https:\\\/\\\/aptefitness.com\\\/#organization\",\"name\":\"Apte Fitness\",\"alternateName\":\"Apte\",\"url\":\"https:\\\/\\\/aptefitness.com\\\/\",\"logo\":{\"@type\":\"ImageObject\",\"inLanguage\":\"fr-CA\",\"@id\":\"https:\\\/\\\/aptefitness.com\\\/#\\\/schema\\\/logo\\\/image\\\/\",\"url\":\"https:\\\/\\\/aptefitness.com\\\/wp-content\\\/uploads\\\/2024\\\/05\\\/logoApteFitness.png\",\"contentUrl\":\"https:\\\/\\\/aptefitness.com\\\/wp-content\\\/uploads\\\/2024\\\/05\\\/logoApteFitness.png\",\"width\":275,\"height\":108,\"caption\":\"Apte Fitness\"},\"image\":{\"@id\":\"https:\\\/\\\/aptefitness.com\\\/#\\\/schema\\\/logo\\\/image\\\/\"}}]}<\/script>\n<!-- \/ Yoast SEO plugin. -->","yoast_head_json":{"title":"Apte to Go \u2013 Boutique libre-service 24\/7 chez Apte Fitness","description":"D\u00e9couvrez Apte to Go, notre boutique autonome accessible 24\/7: collations, suppl\u00e9ments et accessoires s\u00e9lectionn\u00e9s par nos coachs et naturopathe.","robots":{"index":"index","follow":"follow","max-snippet":"max-snippet:-1","max-image-preview":"max-image-preview:large","max-video-preview":"max-video-preview:-1"},"canonical":"https:\/\/aptefitness.com\/fr\/boutique\/","og_locale":"fr_CA","og_type":"article","og_title":"Apte to Go \u2013 Boutique libre-service 24\/7 chez Apte Fitness","og_description":"D\u00e9couvrez Apte to Go, notre boutique autonome accessible 24\/7: collations, suppl\u00e9ments et accessoires s\u00e9lectionn\u00e9s par nos coachs et naturopathe.","og_url":"https:\/\/aptefitness.com\/fr\/boutique\/","og_site_name":"Apte Fitness","article_modified_time":"2026-04-02T18:46:58+00:00","og_image":[{"width":1200,"height":710,"url":"https:\/\/aptefitness.com\/wp-content\/uploads\/2024\/06\/apte-le-gym-interieur_C.jpg","type":"image\/jpeg"}],"twitter_card":"summary_large_image","twitter_misc":{"Estimation du temps de lecture":"1 minute"},"schema":{"@context":"https:\/\/schema.org","@graph":[{"@type":"WebPage","@id":"https:\/\/aptefitness.com\/boutique\/","url":"https:\/\/aptefitness.com\/boutique\/","name":"Apte to Go \u2013 Boutique libre-service 24\/7 chez Apte Fitness","isPartOf":{"@id":"https:\/\/aptefitness.com\/#website"},"datePublished":"2021-11-19T22:56:17+00:00","dateModified":"2026-04-02T18:46:58+00:00","description":"D\u00e9couvrez Apte to Go, notre boutique autonome accessible 24\/7: collations, suppl\u00e9ments et accessoires s\u00e9lectionn\u00e9s par nos coachs et naturopathe.","breadcrumb":{"@id":"https:\/\/aptefitness.com\/boutique\/#breadcrumb"},"inLanguage":"fr-CA","potentialAction":[{"@type":"ReadAction","target":["https:\/\/aptefitness.com\/boutique\/"]}]},{"@type":"BreadcrumbList","@id":"https:\/\/aptefitness.com\/boutique\/#breadcrumb","itemListElement":[{"@type":"ListItem","position":1,"name":"Home","item":"https:\/\/aptefitness.com\/"},{"@type":"ListItem","position":2,"name":"Boutique"}]},{"@type":"WebSite","@id":"https:\/\/aptefitness.com\/#website","url":"https:\/\/aptefitness.com\/","name":"Apte Fitness","description":"Alimentation Performance Transformation Entrainement","publisher":{"@id":"https:\/\/aptefitness.com\/#organization"},"potentialAction":[{"@type":"SearchAction","target":{"@type":"EntryPoint","urlTemplate":"https:\/\/aptefitness.com\/?s={search_term_string}"},"query-input":{"@type":"PropertyValueSpecification","valueRequired":true,"valueName":"search_term_string"}}],"inLanguage":"fr-CA"},{"@type":"Organization","@id":"https:\/\/aptefitness.com\/#organization","name":"Apte Fitness","alternateName":"Apte","url":"https:\/\/aptefitness.com\/","logo":{"@type":"ImageObject","inLanguage":"fr-CA","@id":"https:\/\/aptefitness.com\/#\/schema\/logo\/image\/","url":"https:\/\/aptefitness.com\/wp-content\/uploads\/2024\/05\/logoApteFitness.png","contentUrl":"https:\/\/aptefitness.com\/wp-content\/uploads\/2024\/05\/logoApteFitness.png","width":275,"height":108,"caption":"Apte Fitness"},"image":{"@id":"https:\/\/aptefitness.com\/#\/schema\/logo\/image\/"}}]}},"_links":{"self":[{"href":"https:\/\/aptefitness.com\/fr\/wp-json\/wp\/v2\/pages\/482","targetHints":{"allow":["GET"]}}],"collection":[{"href":"https:\/\/aptefitness.com\/fr\/wp-json\/wp\/v2\/pages"}],"about":[{"href":"https:\/\/aptefitness.com\/fr\/wp-json\/wp\/v2\/types\/page"}],"author":[{"embeddable":true,"href":"https:\/\/aptefitness.com\/fr\/wp-json\/wp\/v2\/users\/1"}],"replies":[{"embeddable":true,"href":"https:\/\/aptefitness.com\/fr\/wp-json\/wp\/v2\/comments?post=482"}],"version-history":[{"count":1,"href":"https:\/\/aptefitness.com\/fr\/wp-json\/wp\/v2\/pages\/482\/revisions"}],"predecessor-version":[{"id":5026,"href":"https:\/\/aptefitness.com\/fr\/wp-json\/wp\/v2\/pages\/482\/revisions\/5026"}],"wp:attachment":[{"href":"https:\/\/aptefitness.com\/fr\/wp-json\/wp\/v2\/media?parent=482"}],"curies":[{"name":"wp","href":"https:\/\/api.w.org\/{rel}","templated":true}]}}